{"id":12954,"date":"2019-05-31T08:14:12","date_gmt":"2019-05-31T07:14:12","guid":{"rendered":"https:\/\/www.fbt-avocats.ch\/?page_id=12954"},"modified":"2025-12-23T14:52:36","modified_gmt":"2025-12-23T13:52:36","slug":"conferences","status":"publish","type":"page","link":"https:\/\/staging.fbt-avocats.ch\/en\/conferences\/","title":{"rendered":"Speaking Engagements"},"content":{"rendered":"\n<style type=\"text\/css\" data-created_by=\"avia_inline_auto\" id=\"style-css-av-jsaoswtl-14a792e878d2153dfb06ad007361e199\">\n.av-horizontal-gallery.av-jsaoswtl-14a792e878d2153dfb06ad007361e199 .av-horizontal-gallery-inner{\npadding-bottom:25%;\n}\n<\/style>\n<div  class='av-horizontal-gallery av-jsaoswtl-14a792e878d2153dfb06ad007361e199 av-horizontal-gallery-no-gap av-horizontal-gallery--effect  avia-builder-el-0  el_before_av_section  avia-builder-el-first  av-slideshow-ui av-control-hidden av-no-slider-navigation av-hide-nav-arrows av-slideshow-manual av-loop-once av-loop-manual-endless av-horizontal-gallery-1' data-slideshow-data=\"{&quot;animation&quot;:&quot;slide&quot;,&quot;autoplay&quot;:false,&quot;loop_autoplay&quot;:&quot;once&quot;,&quot;interval&quot;:5,&quot;loop_manual&quot;:&quot;manual-endless&quot;,&quot;autoplay_stopper&quot;:false,&quot;noNavigation&quot;:true,&quot;bg_slider&quot;:false,&quot;keep_padding&quot;:&quot;&quot;,&quot;hoverpause&quot;:false,&quot;show_slide_delay&quot;:0}\"  itemprop=\"image\" itemscope=\"itemscope\" itemtype=\"https:\/\/schema.org\/ImageObject\" ><div class='avia-slideshow-arrows avia-slideshow-controls' ><a href='#prev' class='prev-slide av-horizontal-gallery-prev avia-svg-icon avia-font-svg_entypo-fontello' data-av_svg_icon='left-open-big' data-av_iconset='svg_entypo-fontello' tabindex='-1' title=\"Previous\"><svg version=\"1.1\" xmlns=\"http:\/\/www.w3.org\/2000\/svg\" width=\"15\" height=\"32\" viewBox=\"0 0 15 32\" preserveAspectRatio=\"xMidYMid meet\" aria-labelledby='av-svg-title-1' aria-describedby='av-svg-desc-1' role=\"graphics-symbol\" aria-hidden=\"true\">\n<title id='av-svg-title-1'>Previous<\/title>\n<desc id='av-svg-desc-1'>Previous<\/desc>\n<path d=\"M14.464 27.84q0.832 0.832 0 1.536-0.832 0.832-1.536 0l-12.544-12.608q-0.768-0.768 0-1.6l12.544-12.608q0.704-0.832 1.536 0 0.832 0.704 0 1.536l-11.456 11.904z\"><\/path>\n<\/svg><span class='avia_hidden_link_text'>Previous<\/span><\/a><a href='#next' class='next-slide av-horizontal-gallery-next avia-svg-icon avia-font-svg_entypo-fontello' data-av_svg_icon='right-open-big' data-av_iconset='svg_entypo-fontello' tabindex='-1' title=\"Next\"><svg version=\"1.1\" xmlns=\"http:\/\/www.w3.org\/2000\/svg\" width=\"15\" height=\"32\" viewBox=\"0 0 15 32\" preserveAspectRatio=\"xMidYMid meet\" aria-labelledby='av-svg-title-2' aria-describedby='av-svg-desc-2' role=\"graphics-symbol\" aria-hidden=\"true\">\n<title id='av-svg-title-2'>Next<\/title>\n<desc id='av-svg-desc-2'>Next<\/desc>\n<path d=\"M0.416 27.84l11.456-11.84-11.456-11.904q-0.832-0.832 0-1.536 0.832-0.832 1.536 0l12.544 12.608q0.768 0.832 0 1.6l-12.544 12.608q-0.704 0.832-1.536 0-0.832-0.704 0-1.536z\"><\/path>\n<\/svg><span class='avia_hidden_link_text'>Next<\/span><\/a><\/div><div class='avia-slideshow-dots avia-slideshow-controls av-horizontal-gallery-dots fade-in'><a href='#1' class='goto-slide active' >1<\/a><a href='#2' class='goto-slide ' >2<\/a><a href='#3' class='goto-slide ' >3<\/a><\/div><div class='av-horizontal-gallery-inner' data-av-height='25'><div class=\"av-horizontal-gallery-slider\"><div class=\"av-horizontal-gallery-wrap noHover\"><img loading=\"lazy\" class='wp-image-24699 avia-img-lazy-loading-24699 av-horizontal-gallery-img' width='916' height='687' src='https:\/\/staging.fbt-avocats.ch\/wp-content\/uploads\/2024\/04\/FBT-avocats-conferences-2-1030x687R43.jpg' title='FBT-avocats-conferences-2-1030x687R43' alt='' \/><\/div><div class=\"av-horizontal-gallery-wrap noHover\"><img loading=\"lazy\" class='wp-image-24697 avia-img-lazy-loading-24697 av-horizontal-gallery-img' width='735' height='551' src='https:\/\/staging.fbt-avocats.ch\/wp-content\/uploads\/2024\/04\/FBT-avocats-conferences-1-1030x551R43.jpg' title='FBT-avocats-conferences-1-1030x551R43' alt='' \/><\/div><div class=\"av-horizontal-gallery-wrap noHover\"><img loading=\"lazy\" class='wp-image-24695 avia-img-lazy-loading-24695 av-horizontal-gallery-img' width='908' height='680' src='https:\/\/staging.fbt-avocats.ch\/wp-content\/uploads\/2024\/04\/FBT-avocats-conferences-3-1-1030x687R43.jpg' title='FBT-avocats-conferences-3-1-1030x687R43' alt='' \/><\/div><\/div><\/div><\/div>\n<div id='av_section_1'  class='avia-section av-8hswd6-e6b5a97c2cb96376272b50e277595331 main_color avia-section-large avia-no-border-styling  avia-builder-el-1  el_after_av_horizontal_gallery  avia-builder-el-last  avia-bg-style-scroll container_wrap fullsize'  ><div class='container av-section-cont-open' ><div class='template-page content  av-content-full alpha units'><div class='post-entry post-entry-type-page post-entry-12954'><div class='entry-content-wrapper clearfix'>\n\n<style type=\"text\/css\" data-created_by=\"avia_inline_auto\" id=\"style-css-av-nrz6ey-e071635d665b9c132a06c315ace94a31\">\n#top .av-special-heading.av-nrz6ey-e071635d665b9c132a06c315ace94a31{\npadding-bottom:10px;\n}\nbody .av-special-heading.av-nrz6ey-e071635d665b9c132a06c315ace94a31 .av-special-heading-tag .heading-char{\nfont-size:25px;\n}\n.av-special-heading.av-nrz6ey-e071635d665b9c132a06c315ace94a31 .av-subheading{\nfont-size:15px;\n}\n<\/style>\n<div  class='av-special-heading av-nrz6ey-e071635d665b9c132a06c315ace94a31 av-special-heading-h1 blockquote modern-quote modern-centered  avia-builder-el-2  el_before_av_hr  avia-builder-el-first '><h1 class='av-special-heading-tag '  itemprop=\"headline\"  >Speaking Engagements <\/h1><div class=\"special-heading-border\"><div class=\"special-heading-inner-border\"><\/div><\/div><\/div>\n\n<style type=\"text\/css\" data-created_by=\"avia_inline_auto\" id=\"style-css-av-jsaouspv-50058e0aad291f9eaf460f25ad2ebad5\">\n#top .hr.hr-invisible.av-jsaouspv-50058e0aad291f9eaf460f25ad2ebad5{\nheight:30px;\n}\n<\/style>\n<div  class='hr av-jsaouspv-50058e0aad291f9eaf460f25ad2ebad5 hr-invisible  avia-builder-el-3  el_after_av_heading  el_before_av_one_fifth '><span class='hr-inner '><span class=\"hr-inner-style\"><\/span><\/span><\/div>\n\n<style type=\"text\/css\" data-created_by=\"avia_inline_auto\" id=\"style-css-av-4jjl2y-a1dd3b3386d26caf80839da41b5a03fb\">\n.flex_column.av-4jjl2y-a1dd3b3386d26caf80839da41b5a03fb{\nborder-radius:0px 0px 0px 0px;\npadding:0px 0px 0px 0px;\n}\n<\/style>\n<div  class='flex_column av-4jjl2y-a1dd3b3386d26caf80839da41b5a03fb av_one_fifth  avia-builder-el-4  el_after_av_hr  el_before_av_three_fifth  first flex_column_div av-zero-column-padding  '     ><\/div>\n<style type=\"text\/css\" data-created_by=\"avia_inline_auto\" id=\"style-css-av-18fvr6u-f447bb9eb054939e8a56740b20f03f96\">\n.flex_column.av-18fvr6u-f447bb9eb054939e8a56740b20f03f96{\nborder-radius:0px 0px 0px 0px;\npadding:0px 0px 0px 0px;\n}\n<\/style>\n<div  class='flex_column av-18fvr6u-f447bb9eb054939e8a56740b20f03f96 av_three_fifth  avia-builder-el-5  el_after_av_one_fifth  el_before_av_one_fifth  flex_column_div av-zero-column-padding  '     ><section  class='av_textblock_section av-gi0j3-b746d2f0d760fd90ced9f694de92a3cc '   itemscope=\"itemscope\" itemtype=\"https:\/\/schema.org\/CreativeWork\" ><div class='avia_textblock'  itemprop=\"text\" ><p class=\"av-special-heading-tag \" style=\"text-align: center;\">Our lawyers actively participate in specialized conferences<\/p>\n<\/div><\/section><br \/>\n\n<style type=\"text\/css\" data-created_by=\"avia_inline_auto\" id=\"style-css-av-jsdc8rek-5a156670dd88652e56e5e07e8df8e3b3\">\n#top .hr.hr-invisible.av-jsdc8rek-5a156670dd88652e56e5e07e8df8e3b3{\nheight:50px;\n}\n<\/style>\n<div  class='hr av-jsdc8rek-5a156670dd88652e56e5e07e8df8e3b3 hr-invisible  avia-builder-el-7  el_after_av_textblock  avia-builder-el-last '><span class='hr-inner '><span class=\"hr-inner-style\"><\/span><\/span><\/div><\/p><\/div>\n<style type=\"text\/css\" data-created_by=\"avia_inline_auto\" id=\"style-css-av-227x6y-220810c63ae220ca315c2e55285e4447\">\n.flex_column.av-227x6y-220810c63ae220ca315c2e55285e4447{\nborder-radius:0px 0px 0px 0px;\npadding:0px 0px 0px 0px;\n}\n<\/style>\n<div  class='flex_column av-227x6y-220810c63ae220ca315c2e55285e4447 av_one_fifth  avia-builder-el-8  el_after_av_three_fifth  el_before_av_two_fifth  flex_column_div av-zero-column-padding  '     ><\/div>\n<style type=\"text\/css\" data-created_by=\"avia_inline_auto\" id=\"style-css-av-g9iz3-44f9010c3f226c6859abba194f117731\">\n.flex_column.av-g9iz3-44f9010c3f226c6859abba194f117731{\nborder-radius:0px 0px 0px 0px;\npadding:0px 0px 0px 0px;\n}\n<\/style>\n<div  class='flex_column av-g9iz3-44f9010c3f226c6859abba194f117731 av_two_fifth  avia-builder-el-9  el_after_av_one_fifth  el_before_av_three_fifth  first flex_column_div av-zero-column-padding  column-top-margin'     ><section  class='av_textblock_section av-jwgc2bnh-cfda1a7761144f82c91a97b574a40e55 '   itemscope=\"itemscope\" itemtype=\"https:\/\/schema.org\/CreativeWork\" ><div class='avia_textblock'  itemprop=\"text\" >  \r\n    <input id=\"ej-select-diffusion\" type=\"hidden\" value=\"Confer\u00e9nces\">\r\n  \r\n    <div id=\"ej-search-selection\">\r\n\t\t<p><button id=\"ej-reset-search\">X<\/button><\/p>\r\n        <div>\r\n            <span>Publication date<span><br>\t\r\n            <select id=\"ej-select-date-publication\"> \r\n            <option value=\"last20\">Last 20<\/option>\r\n            <option value=\"-1\">All<\/option>\r\n                \r\n             \r\n                <option value=\"2026\">2026<\/option>\r\n             \r\n                <option value=\"2025\">2025<\/option>\r\n             \r\n                <option value=\"2024\">2024<\/option>\r\n             \r\n                <option value=\"2024\">2024<\/option>\r\n             \r\n                <option value=\"2023\">2023<\/option>\r\n             \r\n                <option value=\"2022\">2022<\/option>\r\n             \r\n                <option value=\"2021\">2021<\/option>\r\n             \r\n                <option value=\"2020\">2020<\/option>\r\n             \r\n                <option value=\"2020\">2020<\/option>\r\n             \r\n                <option value=\"2019\">2019<\/option>\r\n             \r\n                <option value=\"2018\">2018<\/option>\r\n             \r\n                <option value=\"2017\">2017<\/option>\r\n             \r\n                <option value=\"2016\">2016<\/option>\r\n             \r\n                <option value=\"2015\">2015<\/option>\r\n             \r\n                <option value=\"2013\">2013<\/option>\r\n             \r\n                <option value=\"2012\">2012<\/option>\r\n             \r\n                <option value=\"2011\">2011<\/option>\r\n             \r\n                <option value=\"2010\">2010<\/option>\r\n             \r\n                <option value=\"2009\">2009<\/option>\r\n             \r\n                <option value=\"2008\">2008<\/option>\r\n             \r\n                <option value=\"2007\">2007<\/option>\r\n             \r\n                <option value=\"2006\">2006<\/option>\r\n             \r\n                <option value=\"2004\">2004<\/option>\r\n             \r\n                <option value=\"2003\">2003<\/option>\r\n             \r\n                <option value=\"2002\">2002<\/option>\r\n             \r\n                <option value=\"2001\">2001<\/option>\r\n             \r\n                <option value=\"2000\">2000<\/option>\r\n                        <\/select>    \r\n        <\/div>\r\n\r\n        <div>\r\n            <span>Author<span><br>\t\r\n            <select id=\"ej-select-auteur\"> \r\n            <option value=\"-1\">All<\/option>\t\r\n             \r\n                <option value=\"Alain Moreau\">Alain Moreau<\/option>\r\n             \r\n                <option value=\"Corentin Pfeiffer\">Corentin Pfeiffer<\/option>\r\n             \r\n                <option value=\"FBT Avocats\">FBT Avocats<\/option>\r\n             \r\n                <option value=\"Fr\u00e9d\u00e9rique Bensahel\">Fr\u00e9d\u00e9rique Bensahel<\/option>\r\n             \r\n                <option value=\"Jean-Louis Tsimaratos\">Jean-Louis Tsimaratos<\/option>\r\n             \r\n                <option value=\"Jean-Luc Bochatay\">Jean-Luc Bochatay<\/option>\r\n             \r\n                <option value=\"Jean-Marie Kiener\">Jean-Marie Kiener<\/option>\r\n             \r\n                <option value=\"J\u00e9r\u00f4me Bissardon\">J\u00e9r\u00f4me Bissardon<\/option>\r\n             \r\n                <option value=\"Joanna Ybarra\">Joanna Ybarra<\/option>\r\n             \r\n                <option value=\"Julien Le Fort\">Julien Le Fort<\/option>\r\n             \r\n                <option value=\"Marco Villa\">Marco Villa<\/option>\r\n             \r\n                <option value=\"Matthieu Tkatch\">Matthieu Tkatch<\/option>\r\n             \r\n                <option value=\"Michel Abt\">Michel Abt<\/option>\r\n             \r\n                <option value=\"Olivia de Weck\">Olivia de Weck<\/option>\r\n             \r\n                <option value=\"Serge Fasel\">Serge Fasel<\/option>\r\n             \r\n                <option value=\"St\u00e9phanie Barreira\">St\u00e9phanie Barreira<\/option>\r\n                        <\/select>    \r\n        <\/div>\r\n\r\n        <div>\r\n            <span>Expertise<span><br>\t\r\n            <select id=\"ej-select-competence\"> \r\n            <option value=\"-1\">All<\/option>\t\r\n             \r\n                <option value=\"Banking and Finance\">Banking and Finance<\/option>\r\n             \r\n                <option value=\"Corporate and Commercial\">Corporate and Commercial<\/option>\r\n             \r\n                <option value=\"Litigation and Arbitration\">Litigation and Arbitration<\/option>\r\n             \r\n                <option value=\"Tax\">Tax<\/option>\r\n                        <\/select>    \r\n        <\/div>\r\n\r\n        <br>\r\n        <!-- <button id=\"ej-btn-submit-search\">Rechercher<\/button> -->\r\n    <\/div>\r\n\n<\/div><\/section><\/div>\n<style type=\"text\/css\" data-created_by=\"avia_inline_auto\" id=\"style-css-av-rzzj-297034a7065301d967bd7e0390954950\">\n.flex_column.av-rzzj-297034a7065301d967bd7e0390954950{\nborder-radius:0px 0px 0px 0px;\npadding:0px 0px 0px 0px;\n}\n<\/style>\n<div  class='flex_column av-rzzj-297034a7065301d967bd7e0390954950 av_three_fifth  avia-builder-el-11  el_after_av_two_fifth  avia-builder-el-last  flex_column_div av-zero-column-padding  column-top-margin'     ><section  class='av_textblock_section av-jwgc2bnh-cfda1a7761144f82c91a97b574a40e55 '   itemscope=\"itemscope\" itemtype=\"https:\/\/schema.org\/CreativeWork\" ><div class='avia_textblock'  itemprop=\"text\" >  \r\n    <script id=\"ej-template-search-result\" type=\"x-tmpl-mustache\">\r\n        {{#data}}\r\n            <div  class=\"ej-search-result-item\">\r\n            <a href=\"{{permalink}}\"> \r\n              <div>\r\n                <div class=\"ej-search-image\">\r\n                    <img loading=\"lazy\" decoding=\"async\" width=\"36\" height=\"36\" src=\"{{diffusion_icon}}\">\r\n                <\/div>\r\n                <div class=\"ej-search-result-container\">\r\n                    <span class=\"ej-search-title\">{{post_title}}<\/span> \r\n                    <span class=\"ej-search-date-publication\">{{display-date}} {{tags}} <\/span>\r\n                    <span class=\"ej-search-competence\"> {{competence}} <\/span>\r\n                    <span class=\"ej-search-auteur\"> {{auteur}} <\/span>\r\n                <\/div>\r\n              <\/div>\r\n            <\/a> \r\n            <div style=\"clear:both\"><\/div>\r\n            <\/div>\r\n        {{\/data}}\r\n    <\/script>\r\n  \t<div id=\"ej-please-wait\">Chargement...<\/div>\r\n    <div id=\"ej-search-result\"  class=\"ej-search-result-ajax\"><\/div>  \r\n    \r\n \n<\/div><\/section><\/div>\n\n","protected":false},"excerpt":{"rendered":"","protected":false},"author":18,"featured_media":12474,"parent":0,"menu_order":0,"comment_status":"closed","ping_status":"closed","template":"","meta":{"footnotes":""},"class_list":["post-12954","page","type-page","status-publish","has-post-thumbnail","hentry"],"yoast_head":"<!-- This site is optimized with the Yoast SEO Premium plugin v27.4 (Yoast SEO v27.4) - https:\/\/yoast.com\/product\/yoast-seo-premium-wordpress\/ -->\n<title>Speaking Engagements | FBT Attorneys-at-Law<\/title>\n<meta name=\"description\" content=\"Our lawyers actively participate in specialized conferences : Labour and social insurance, Corporate and Commercial, Tax, Banking and Finance, etc.\" \/>\n<meta name=\"robots\" content=\"noindex, follow, max-snippet:-1, max-image-preview:large, max-video-preview:-1\" \/>\n<meta property=\"og:locale\" content=\"en_US\" \/>\n<meta property=\"og:type\" content=\"article\" \/>\n<meta property=\"og:title\" content=\"Speaking Engagements | FBT Attorneys-at-Law\" \/>\n<meta property=\"og:description\" content=\"Our lawyers actively participate in specialized conferences : Labour and social insurance, Corporate and Commercial, Tax, Banking and Finance, etc.\" \/>\n<meta property=\"og:url\" content=\"https:\/\/staging.fbt-avocats.ch\/en\/conferences\/\" \/>\n<meta property=\"og:site_name\" content=\"FBT Avocats SA\" \/>\n<meta property=\"article:modified_time\" content=\"2025-12-23T13:52:36+00:00\" \/>\n<meta property=\"og:image\" content=\"https:\/\/staging.fbt-avocats.ch\/wp-content\/uploads\/2019\/07\/FBT-avocats-conferences-3-1.jpg\" \/>\n<meta name=\"twitter:card\" content=\"summary_large_image\" \/>\n<meta name=\"twitter:title\" content=\"Speaking Engagements\" \/>\n<meta name=\"twitter:label1\" content=\"Est. reading time\" \/>\n\t<meta name=\"twitter:data1\" content=\"5 minutes\" \/>\n<script type=\"application\/ld+json\" class=\"yoast-schema-graph\">{\"@context\":\"https:\\\/\\\/schema.org\",\"@graph\":[{\"@type\":\"WebPage\",\"@id\":\"https:\\\/\\\/staging.fbt-avocats.ch\\\/en\\\/conferences\\\/\",\"url\":\"https:\\\/\\\/staging.fbt-avocats.ch\\\/en\\\/conferences\\\/\",\"name\":\"Speaking Engagements | FBT Attorneys-at-Law\",\"isPartOf\":{\"@id\":\"https:\\\/\\\/staging.fbt-avocats.ch\\\/en\\\/#website\"},\"primaryImageOfPage\":{\"@id\":\"https:\\\/\\\/staging.fbt-avocats.ch\\\/en\\\/conferences\\\/#primaryimage\"},\"image\":{\"@id\":\"https:\\\/\\\/staging.fbt-avocats.ch\\\/en\\\/conferences\\\/#primaryimage\"},\"thumbnailUrl\":\"https:\\\/\\\/staging.fbt-avocats.ch\\\/wp-content\\\/uploads\\\/2019\\\/07\\\/FBT-avocats-conferences-3-1.jpg\",\"datePublished\":\"2019-05-31T07:14:12+00:00\",\"dateModified\":\"2025-12-23T13:52:36+00:00\",\"description\":\"Our lawyers actively participate in specialized conferences : Labour and social insurance, Corporate and Commercial, Tax, Banking and Finance, etc.\",\"breadcrumb\":{\"@id\":\"https:\\\/\\\/staging.fbt-avocats.ch\\\/en\\\/conferences\\\/#breadcrumb\"},\"inLanguage\":\"en-US\",\"potentialAction\":[{\"@type\":\"ReadAction\",\"target\":[\"https:\\\/\\\/staging.fbt-avocats.ch\\\/en\\\/conferences\\\/\"]}]},{\"@type\":\"ImageObject\",\"inLanguage\":\"en-US\",\"@id\":\"https:\\\/\\\/staging.fbt-avocats.ch\\\/en\\\/conferences\\\/#primaryimage\",\"url\":\"https:\\\/\\\/staging.fbt-avocats.ch\\\/wp-content\\\/uploads\\\/2019\\\/07\\\/FBT-avocats-conferences-3-1.jpg\",\"contentUrl\":\"https:\\\/\\\/staging.fbt-avocats.ch\\\/wp-content\\\/uploads\\\/2019\\\/07\\\/FBT-avocats-conferences-3-1.jpg\",\"width\":1200,\"height\":800},{\"@type\":\"BreadcrumbList\",\"@id\":\"https:\\\/\\\/staging.fbt-avocats.ch\\\/en\\\/conferences\\\/#breadcrumb\",\"itemListElement\":[{\"@type\":\"ListItem\",\"position\":1,\"name\":\"Home\",\"item\":\"https:\\\/\\\/staging.fbt-avocats.ch\\\/en\\\/\"},{\"@type\":\"ListItem\",\"position\":2,\"name\":\"Speaking Engagements\"}]},{\"@type\":\"WebSite\",\"@id\":\"https:\\\/\\\/staging.fbt-avocats.ch\\\/en\\\/#website\",\"url\":\"https:\\\/\\\/staging.fbt-avocats.ch\\\/en\\\/\",\"name\":\"FBT Avocats SA\",\"description\":\"Etudes bas\u00e9es \u00e0 Gen\u00e8ve et Paris\",\"potentialAction\":[{\"@type\":\"SearchAction\",\"target\":{\"@type\":\"EntryPoint\",\"urlTemplate\":\"https:\\\/\\\/staging.fbt-avocats.ch\\\/en\\\/?s={search_term_string}\"},\"query-input\":{\"@type\":\"PropertyValueSpecification\",\"valueRequired\":true,\"valueName\":\"search_term_string\"}}],\"inLanguage\":\"en-US\"}]}<\/script>\n<!-- \/ Yoast SEO Premium plugin. -->","yoast_head_json":{"title":"Speaking Engagements | FBT Attorneys-at-Law","description":"Our lawyers actively participate in specialized conferences : Labour and social insurance, Corporate and Commercial, Tax, Banking and Finance, etc.","robots":{"index":"noindex","follow":"follow","max-snippet":"max-snippet:-1","max-image-preview":"max-image-preview:large","max-video-preview":"max-video-preview:-1"},"og_locale":"en_US","og_type":"article","og_title":"Speaking Engagements | FBT Attorneys-at-Law","og_description":"Our lawyers actively participate in specialized conferences : Labour and social insurance, Corporate and Commercial, Tax, Banking and Finance, etc.","og_url":"https:\/\/staging.fbt-avocats.ch\/en\/conferences\/","og_site_name":"FBT Avocats SA","article_modified_time":"2025-12-23T13:52:36+00:00","og_image":[{"url":"https:\/\/staging.fbt-avocats.ch\/wp-content\/uploads\/2019\/07\/FBT-avocats-conferences-3-1.jpg","type":"","width":"","height":""}],"twitter_card":"summary_large_image","twitter_title":"Speaking Engagements","twitter_misc":{"Est. reading time":"5 minutes"},"schema":{"@context":"https:\/\/schema.org","@graph":[{"@type":"WebPage","@id":"https:\/\/staging.fbt-avocats.ch\/en\/conferences\/","url":"https:\/\/staging.fbt-avocats.ch\/en\/conferences\/","name":"Speaking Engagements | FBT Attorneys-at-Law","isPartOf":{"@id":"https:\/\/staging.fbt-avocats.ch\/en\/#website"},"primaryImageOfPage":{"@id":"https:\/\/staging.fbt-avocats.ch\/en\/conferences\/#primaryimage"},"image":{"@id":"https:\/\/staging.fbt-avocats.ch\/en\/conferences\/#primaryimage"},"thumbnailUrl":"https:\/\/staging.fbt-avocats.ch\/wp-content\/uploads\/2019\/07\/FBT-avocats-conferences-3-1.jpg","datePublished":"2019-05-31T07:14:12+00:00","dateModified":"2025-12-23T13:52:36+00:00","description":"Our lawyers actively participate in specialized conferences : Labour and social insurance, Corporate and Commercial, Tax, Banking and Finance, etc.","breadcrumb":{"@id":"https:\/\/staging.fbt-avocats.ch\/en\/conferences\/#breadcrumb"},"inLanguage":"en-US","potentialAction":[{"@type":"ReadAction","target":["https:\/\/staging.fbt-avocats.ch\/en\/conferences\/"]}]},{"@type":"ImageObject","inLanguage":"en-US","@id":"https:\/\/staging.fbt-avocats.ch\/en\/conferences\/#primaryimage","url":"https:\/\/staging.fbt-avocats.ch\/wp-content\/uploads\/2019\/07\/FBT-avocats-conferences-3-1.jpg","contentUrl":"https:\/\/staging.fbt-avocats.ch\/wp-content\/uploads\/2019\/07\/FBT-avocats-conferences-3-1.jpg","width":1200,"height":800},{"@type":"BreadcrumbList","@id":"https:\/\/staging.fbt-avocats.ch\/en\/conferences\/#breadcrumb","itemListElement":[{"@type":"ListItem","position":1,"name":"Home","item":"https:\/\/staging.fbt-avocats.ch\/en\/"},{"@type":"ListItem","position":2,"name":"Speaking Engagements"}]},{"@type":"WebSite","@id":"https:\/\/staging.fbt-avocats.ch\/en\/#website","url":"https:\/\/staging.fbt-avocats.ch\/en\/","name":"FBT Avocats SA","description":"Etudes bas\u00e9es \u00e0 Gen\u00e8ve et Paris","potentialAction":[{"@type":"SearchAction","target":{"@type":"EntryPoint","urlTemplate":"https:\/\/staging.fbt-avocats.ch\/en\/?s={search_term_string}"},"query-input":{"@type":"PropertyValueSpecification","valueRequired":true,"valueName":"search_term_string"}}],"inLanguage":"en-US"}]}},"_links":{"self":[{"href":"https:\/\/staging.fbt-avocats.ch\/en\/wp-json\/wp\/v2\/pages\/12954","targetHints":{"allow":["GET"]}}],"collection":[{"href":"https:\/\/staging.fbt-avocats.ch\/en\/wp-json\/wp\/v2\/pages"}],"about":[{"href":"https:\/\/staging.fbt-avocats.ch\/en\/wp-json\/wp\/v2\/types\/page"}],"author":[{"embeddable":true,"href":"https:\/\/staging.fbt-avocats.ch\/en\/wp-json\/wp\/v2\/users\/18"}],"replies":[{"embeddable":true,"href":"https:\/\/staging.fbt-avocats.ch\/en\/wp-json\/wp\/v2\/comments?post=12954"}],"version-history":[{"count":0,"href":"https:\/\/staging.fbt-avocats.ch\/en\/wp-json\/wp\/v2\/pages\/12954\/revisions"}],"wp:featuredmedia":[{"embeddable":true,"href":"https:\/\/staging.fbt-avocats.ch\/en\/wp-json\/wp\/v2\/media\/12474"}],"wp:attachment":[{"href":"https:\/\/staging.fbt-avocats.ch\/en\/wp-json\/wp\/v2\/media?parent=12954"}],"curies":[{"name":"wp","href":"https:\/\/api.w.org\/{rel}","templated":true}]}}