{"id":12980,"date":"2019-07-04T16:27:09","date_gmt":"2019-07-04T15:27:09","guid":{"rendered":"https:\/\/www.fbt-avocats.ch\/?page_id=12980"},"modified":"2026-01-13T09:19:07","modified_gmt":"2026-01-13T08:19:07","slug":"careers","status":"publish","type":"page","link":"https:\/\/staging.fbt-avocats.ch\/en\/careers\/","title":{"rendered":"Careers"},"content":{"rendered":"\n<style type=\"text\/css\" data-created_by=\"avia_inline_auto\" id=\"style-css-av-jsaoswtl-c18f7e125c6695dd23f1a6d6837434e5\">\n.av-horizontal-gallery.av-jsaoswtl-c18f7e125c6695dd23f1a6d6837434e5 .av-horizontal-gallery-inner{\npadding-bottom:25%;\n}\n<\/style>\n<div  class='av-horizontal-gallery av-jsaoswtl-c18f7e125c6695dd23f1a6d6837434e5 av-horizontal-gallery-no-gap av-horizontal-gallery--effect  avia-builder-el-0  el_before_av_section  avia-builder-el-first  av-slideshow-ui av-control-hidden av-no-slider-navigation av-hide-nav-arrows av-slideshow-manual av-loop-once av-loop-manual-endless av-horizontal-gallery-1' data-slideshow-data=\"{&quot;animation&quot;:&quot;slide&quot;,&quot;autoplay&quot;:false,&quot;loop_autoplay&quot;:&quot;once&quot;,&quot;interval&quot;:5,&quot;loop_manual&quot;:&quot;manual-endless&quot;,&quot;autoplay_stopper&quot;:false,&quot;noNavigation&quot;:true,&quot;bg_slider&quot;:false,&quot;keep_padding&quot;:&quot;&quot;,&quot;hoverpause&quot;:false,&quot;show_slide_delay&quot;:0}\"  itemprop=\"image\" itemscope=\"itemscope\" itemtype=\"https:\/\/schema.org\/ImageObject\" ><div class='avia-slideshow-arrows avia-slideshow-controls' ><a href='#prev' class='prev-slide av-horizontal-gallery-prev avia-svg-icon avia-font-svg_entypo-fontello' data-av_svg_icon='left-open-big' data-av_iconset='svg_entypo-fontello' tabindex='-1' title=\"Previous\"><svg version=\"1.1\" xmlns=\"http:\/\/www.w3.org\/2000\/svg\" width=\"15\" height=\"32\" viewBox=\"0 0 15 32\" preserveAspectRatio=\"xMidYMid meet\" aria-labelledby='av-svg-title-1' aria-describedby='av-svg-desc-1' role=\"graphics-symbol\" aria-hidden=\"true\">\n<title id='av-svg-title-1'>Previous<\/title>\n<desc id='av-svg-desc-1'>Previous<\/desc>\n<path d=\"M14.464 27.84q0.832 0.832 0 1.536-0.832 0.832-1.536 0l-12.544-12.608q-0.768-0.768 0-1.6l12.544-12.608q0.704-0.832 1.536 0 0.832 0.704 0 1.536l-11.456 11.904z\"><\/path>\n<\/svg><span class='avia_hidden_link_text'>Previous<\/span><\/a><a href='#next' class='next-slide av-horizontal-gallery-next avia-svg-icon avia-font-svg_entypo-fontello' data-av_svg_icon='right-open-big' data-av_iconset='svg_entypo-fontello' tabindex='-1' title=\"Next\"><svg version=\"1.1\" xmlns=\"http:\/\/www.w3.org\/2000\/svg\" width=\"15\" height=\"32\" viewBox=\"0 0 15 32\" preserveAspectRatio=\"xMidYMid meet\" aria-labelledby='av-svg-title-2' aria-describedby='av-svg-desc-2' role=\"graphics-symbol\" aria-hidden=\"true\">\n<title id='av-svg-title-2'>Next<\/title>\n<desc id='av-svg-desc-2'>Next<\/desc>\n<path d=\"M0.416 27.84l11.456-11.84-11.456-11.904q-0.832-0.832 0-1.536 0.832-0.832 1.536 0l12.544 12.608q0.768 0.832 0 1.6l-12.544 12.608q-0.704 0.832-1.536 0-0.832-0.704 0-1.536z\"><\/path>\n<\/svg><span class='avia_hidden_link_text'>Next<\/span><\/a><\/div><div class='avia-slideshow-dots avia-slideshow-controls av-horizontal-gallery-dots fade-in'><a href='#1' class='goto-slide active' >1<\/a><a href='#2' class='goto-slide ' >2<\/a><a href='#3' class='goto-slide ' >3<\/a><\/div><div class='av-horizontal-gallery-inner' data-av-height='25'><div class=\"av-horizontal-gallery-slider\"><div class=\"av-horizontal-gallery-wrap noHover\"><img loading=\"lazy\" class='wp-image-11529 avia-img-lazy-loading-11529 av-horizontal-gallery-img' width='1030' height='772' src='https:\/\/staging.fbt-avocats.ch\/wp-content\/uploads\/2019\/03\/FBT-avocats-fiscal-1030x772.jpg' title='FBT-avocats-fiscal' alt='' \/><\/div><div class=\"av-horizontal-gallery-wrap noHover\"><img loading=\"lazy\" class='wp-image-12504 avia-img-lazy-loading-12504 av-horizontal-gallery-img' width='1030' height='771' src='https:\/\/staging.fbt-avocats.ch\/wp-content\/uploads\/2019\/07\/FBT-avocats-carriere-2-1030x771.jpg' title='FBT-avocats-carriere-2' alt='' \/><\/div><div class=\"av-horizontal-gallery-wrap noHover\"><img loading=\"lazy\" class='wp-image-12500 avia-img-lazy-loading-12500 av-horizontal-gallery-img' width='1030' height='772' src='https:\/\/staging.fbt-avocats.ch\/wp-content\/uploads\/2019\/07\/FBT-avocats-carriere-1030x772.jpg' title='FBT-avocats-carriere' alt='' \/><\/div><\/div><\/div><\/div>\n<div id='av_section_1'  class='avia-section av-8hswd6-e6b5a97c2cb96376272b50e277595331 main_color avia-section-large avia-no-border-styling  avia-builder-el-1  el_after_av_horizontal_gallery  avia-builder-el-last  avia-bg-style-scroll container_wrap fullsize'  ><div class='container av-section-cont-open' ><div class='template-page content  av-content-full alpha units'><div class='post-entry post-entry-type-page post-entry-12980'><div class='entry-content-wrapper clearfix'>\n\n<style type=\"text\/css\" data-created_by=\"avia_inline_auto\" id=\"style-css-av-av_heading-5563a178b3fb04f965bfe8cdb87ba243\">\n#top .av-special-heading.av-av_heading-5563a178b3fb04f965bfe8cdb87ba243{\npadding-bottom:60px;\n}\nbody .av-special-heading.av-av_heading-5563a178b3fb04f965bfe8cdb87ba243 .av-special-heading-tag .heading-char{\nfont-size:25px;\n}\n.av-special-heading.av-av_heading-5563a178b3fb04f965bfe8cdb87ba243 .av-subheading{\nfont-size:15px;\n}\n<\/style>\n<div  class='av-special-heading av-av_heading-5563a178b3fb04f965bfe8cdb87ba243 av-special-heading-h1 blockquote modern-quote modern-centered  avia-builder-el-2  el_before_av_one_fifth  avia-builder-el-first '><h1 class='av-special-heading-tag '  itemprop=\"headline\"  >Job Openings<\/h1><div class=\"special-heading-border\"><div class=\"special-heading-inner-border\"><\/div><\/div><\/div>\n\n<style type=\"text\/css\" data-created_by=\"avia_inline_auto\" id=\"style-css-av-av_one_fifth-25347b0a799d5b9f7058434b2a9c3182\">\n.flex_column.av-av_one_fifth-25347b0a799d5b9f7058434b2a9c3182{\nborder-radius:0px 0px 0px 0px;\npadding:0px 0px 0px 0px;\n}\n<\/style>\n<div  class='flex_column av-av_one_fifth-25347b0a799d5b9f7058434b2a9c3182 av_one_fifth  avia-builder-el-3  el_after_av_heading  el_before_av_three_fifth  first flex_column_div av-zero-column-padding  '     ><\/div>\n<style type=\"text\/css\" data-created_by=\"avia_inline_auto\" id=\"style-css-av-18fvr6u-f447bb9eb054939e8a56740b20f03f96\">\n.flex_column.av-18fvr6u-f447bb9eb054939e8a56740b20f03f96{\nborder-radius:0px 0px 0px 0px;\npadding:0px 0px 0px 0px;\n}\n<\/style>\n<div  class='flex_column av-18fvr6u-f447bb9eb054939e8a56740b20f03f96 av_three_fifth  avia-builder-el-4  el_after_av_one_fifth  el_before_av_one_fifth  flex_column_div av-zero-column-padding  '     ><section  class='av_textblock_section av-jxcvsxcr-6ecdfc04c41712801135aed59d3007eb '   itemscope=\"itemscope\" itemtype=\"https:\/\/schema.org\/CreativeWork\" ><div class='avia_textblock'  itemprop=\"text\" ><h3 style=\"text-align: center;\">We are always looking for talented employees&#8230;<\/h3>\n<\/div><\/section><br \/>\n\n<style type=\"text\/css\" data-created_by=\"avia_inline_auto\" id=\"style-css-av-jxnes78s-500f1d22d27c1fd6222a92c20f0a1b26\">\n#top .hr.hr-invisible.av-jxnes78s-500f1d22d27c1fd6222a92c20f0a1b26{\nheight:30px;\n}\n<\/style>\n<div  class='hr av-jxnes78s-500f1d22d27c1fd6222a92c20f0a1b26 hr-invisible  avia-builder-el-6  el_after_av_textblock  el_before_av_textblock '><span class='hr-inner '><span class=\"hr-inner-style\"><\/span><\/span><\/div><br \/>\n<section  class='av_textblock_section av-jxcvsxcr-6ecdfc04c41712801135aed59d3007eb '   itemscope=\"itemscope\" itemtype=\"https:\/\/schema.org\/CreativeWork\" ><div class='avia_textblock'  itemprop=\"text\" ><p style=\"text-align: center;\"><div id=\"quform-e0b6c5\" class=\"quform quform-7 quform-support-page-caching\"><form id=\"quform-form-e0b6c5\" class=\"quform-form quform-form-7\" action=\"\/en\/wp-json\/wp\/v2\/pages\/12980#quform-e0b6c5\" method=\"post\" enctype=\"multipart\/form-data\" novalidate=\"novalidate\" data-options=\"{&quot;id&quot;:7,&quot;uniqueId&quot;:&quot;e0b6c5&quot;,&quot;theme&quot;:&quot;&quot;,&quot;ajax&quot;:true,&quot;logic&quot;:{&quot;logic&quot;:[],&quot;dependents&quot;:[],&quot;elementIds&quot;:[],&quot;dependentElementIds&quot;:[],&quot;animate&quot;:true},&quot;currentPageId&quot;:1,&quot;errorsIcon&quot;:&quot;&quot;,&quot;updateFancybox&quot;:true,&quot;hasPages&quot;:false,&quot;pages&quot;:[1],&quot;pageProgressType&quot;:&quot;numbers&quot;,&quot;tooltipsEnabled&quot;:true,&quot;tooltipClasses&quot;:&quot;qtip-quform-dark qtip-shadow&quot;,&quot;tooltipMy&quot;:&quot;left center&quot;,&quot;tooltipAt&quot;:&quot;right center&quot;,&quot;isRtl&quot;:false,&quot;scrollOffset&quot;:-50,&quot;scrollSpeed&quot;:800}\"><button class=\"quform-default-submit\" name=\"quform_submit\" type=\"submit\" value=\"submit\" aria-hidden=\"true\" tabindex=\"-1\"><\/button><div class=\"quform-form-inner quform-form-inner-7\"><input type=\"hidden\" name=\"quform_form_id\" value=\"7\" \/><input type=\"hidden\" name=\"quform_form_uid\" value=\"e0b6c5\" \/><input type=\"hidden\" name=\"quform_count\" value=\"1\" \/><input type=\"hidden\" name=\"form_url\" value=\"https:\/\/staging.fbt-avocats.ch\/en\/wp-json\/wp\/v2\/pages\/12980\" \/><input type=\"hidden\" name=\"referring_url\" value=\"\" \/><input type=\"hidden\" name=\"post_id\" value=\"\" \/><input type=\"hidden\" name=\"post_title\" value=\"\" \/><input type=\"hidden\" name=\"quform_current_page_id\" value=\"1\" \/><input type=\"hidden\" name=\"quform_loaded\" value=\"1777378644|8f42910661d3248701fa7bb7b6d07769\" \/><input type=\"hidden\" name=\"quform_csrf_token\" value=\"B4HmIbqTScSk3krB1oE9L3zKwN9qyK7tNVQ8q2om\" \/><div class=\"quform-elements quform-elements-7 quform-cf quform-responsive-elements-phone-landscape\"><div class=\"quform-element quform-element-page quform-page-1 quform-page-7_1 quform-cf quform-group-style-plain quform-first-page quform-last-page quform-current-page\"><div class=\"quform-child-elements\"><div class=\"quform-element quform-element-row quform-element-row-7_31 quform-3-columns quform-element-row-size-fixed quform-responsive-columns-phone-landscape\"><div class=\"quform-element quform-element-column quform-element-7_32\"><div class=\"quform-element quform-element-select quform-element-7_35 quform-cf quform-element-required\"><div class=\"quform-spacer\"><div class=\"quform-label quform-label-7_35\"><label class=\"quform-label-text\" for=\"quform_7_35_e0b6c5\">Civility<span class=\"quform-required\">*<\/span><\/label><\/div><div class=\"quform-inner quform-inner-select quform-inner-7_35\"><div class=\"quform-input quform-input-select quform-input-7_35 quform-cf\"><select id=\"quform_7_35_e0b6c5\" name=\"quform_7_35\" class=\"quform-field quform-field-select quform-field-7_35\"><option value=\"\" selected=\"selected\">Please select<\/option><option value=\"Mr\">Mr<\/option><option value=\"Mrs\">Mrs<\/option><option value=\"Ms\">Ms<\/option><option value=\"Dr\">Dr<\/option><\/select><\/div><\/div><\/div><\/div><\/div><div class=\"quform-element quform-element-column quform-element-7_34\"><div class=\"quform-element quform-element-text quform-element-7_6 quform-cf quform-element-required\"><div class=\"quform-spacer\"><div class=\"quform-label quform-label-7_6\"><label class=\"quform-label-text\" for=\"quform_7_6_e0b6c5\">First name<span class=\"quform-required\">*<\/span><\/label><\/div><div class=\"quform-inner quform-inner-text quform-inner-7_6\"><div class=\"quform-input quform-input-text quform-input-7_6 quform-cf\"><input type=\"text\" id=\"quform_7_6_e0b6c5\" name=\"quform_7_6\" class=\"quform-field quform-field-text quform-field-7_6\" \/><\/div><\/div><\/div><\/div><\/div><div class=\"quform-element quform-element-column quform-element-7_33\"><div class=\"quform-element quform-element-text quform-element-7_7 quform-cf quform-element-required\"><div class=\"quform-spacer\"><div class=\"quform-label quform-label-7_7\"><label class=\"quform-label-text\" for=\"quform_7_7_e0b6c5\">Last name<span class=\"quform-required\">*<\/span><\/label><\/div><div class=\"quform-inner quform-inner-text quform-inner-7_7\"><div class=\"quform-input quform-input-text quform-input-7_7 quform-cf\"><input type=\"text\" id=\"quform_7_7_e0b6c5\" name=\"quform_7_7\" class=\"quform-field quform-field-text quform-field-7_7\" \/><\/div><\/div><\/div><\/div><\/div><\/div><div class=\"quform-element quform-element-row quform-element-row-7_3 quform-2-columns quform-element-row-size-fixed quform-responsive-columns-phone-landscape\"><div class=\"quform-element quform-element-column quform-element-7_4\"><div class=\"quform-element quform-element-email quform-element-7_9 quform-cf quform-element-required\"><div class=\"quform-spacer\"><div class=\"quform-label quform-label-7_9\"><label class=\"quform-label-text\" for=\"quform_7_9_e0b6c5\">E-mail<span class=\"quform-required\">*<\/span><\/label><\/div><div class=\"quform-inner quform-inner-email quform-inner-7_9\"><div class=\"quform-input quform-input-email quform-input-7_9 quform-cf\"><input type=\"email\" id=\"quform_7_9_e0b6c5\" name=\"quform_7_9\" class=\"quform-field quform-field-email quform-field-7_9\" \/><\/div><\/div><\/div><\/div><\/div><div class=\"quform-element quform-element-column quform-element-7_5\"><div class=\"quform-element quform-element-text quform-element-7_10 quform-cf quform-element-required\"><div class=\"quform-spacer\"><div class=\"quform-label quform-label-7_10\"><label class=\"quform-label-text\" for=\"quform_7_10_e0b6c5\">Phone<span class=\"quform-required\">*<\/span><\/label><\/div><div class=\"quform-inner quform-inner-text quform-inner-7_10\"><div class=\"quform-input quform-input-text quform-input-7_10 quform-cf\"><input type=\"text\" id=\"quform_7_10_e0b6c5\" name=\"quform_7_10\" class=\"quform-field quform-field-text quform-field-7_10\" \/><\/div><\/div><\/div><\/div><\/div><\/div><div class=\"quform-element quform-element-textarea quform-element-7_514574 quform-sr-only quform-cf\" style=\"clip: rect(1px, 1px, 1px, 1px); clip-path: inset(50%); position: absolute !important; height: 1px; width: 1px; overflow: hidden;\"><div class=\"quform-spacer\"><div class=\"quform-label quform-label-7_514574\"><label class=\"quform-label-text\" for=\"quform_7_514574_e0b6c5\">Company Name<span class=\"quform-required\">*<\/span><\/label><\/div><div class=\"quform-inner quform-inner-7_514574\"><textarea id=\"quform_7_514574_e0b6c5\" name=\"quform_7_514574\" class=\"quform-field quform-field-textarea quform-field-7_514574\" tabindex=\"-1\" autocomplete=\"new-password\"><\/textarea><\/div><\/div><\/div><div class=\"quform-element quform-element-row quform-element-row-7_36 quform-2-columns quform-element-row-size-fixed quform-responsive-columns-phone-landscape\"><div class=\"quform-element quform-element-column quform-element-7_40\"><div class=\"quform-element quform-element-textarea quform-element-7_42 quform-cf quform-element-required\"><div class=\"quform-spacer\"><div class=\"quform-label quform-label-7_42\"><label class=\"quform-label-text\" for=\"quform_7_42_e0b6c5\">Message<span class=\"quform-required\">*<\/span><\/label><\/div><div class=\"quform-inner quform-inner-textarea quform-inner-7_42\"><div class=\"quform-input quform-input-textarea quform-input-7_42 quform-cf\"><textarea id=\"quform_7_42_e0b6c5\" name=\"quform_7_42\" class=\"quform-field quform-field-textarea quform-field-7_42\"><\/textarea><\/div><\/div><\/div><\/div><\/div><div class=\"quform-element quform-element-column quform-element-7_37\"><div class=\"quform-element quform-element-file quform-element-7_39 quform-cf quform-element-optional\"><div class=\"quform-spacer\"><div class=\"quform-label quform-label-7_39\"><label class=\"quform-label-text\" for=\"quform_7_39_e0b6c5\">Documents in PDF format (max 5 MB per file)<\/label><\/div><div class=\"quform-inner quform-inner-file quform-inner-7_39\"><div class=\"quform-input quform-input-file quform-input-7_39 quform-cf quform-button-style-theme\"><input type=\"file\" id=\"quform_7_39_e0b6c5\" name=\"quform_7_39[]\" class=\"quform-field quform-field-file quform-field-7_39 quform-field-file-enhanced\" multiple data-config=\"{&quot;id&quot;:39,&quot;identifier&quot;:&quot;7_39&quot;,&quot;name&quot;:&quot;quform_7_39&quot;,&quot;max&quot;:4,&quot;size&quot;:5242880,&quot;allowedExtensions&quot;:[&quot;pdf&quot;],&quot;notAllowedTypeWithFilename&quot;:&quot;File type of &#039;%filename%&#039; is not allowed&quot;,&quot;tooBigWithFilename&quot;:&quot;File &#039;%filename%&#039; exceeds the maximum allowed file size&quot;,&quot;tooMany&quot;:&quot;You cannot upload more than %max% file(s)&quot;,&quot;buttonType&quot;:&quot;dropzone&quot;,&quot;buttonText&quot;:&quot;Browse...&quot;,&quot;buttonIcon&quot;:&quot;qicon-file_upload&quot;,&quot;buttonIconPosition&quot;:&quot;right&quot;}\" \/><\/div><\/div><\/div><\/div><\/div><\/div><div class=\"quform-element quform-element-checkbox quform-element-7_28 quform-cf quform-element-required\"><div class=\"quform-spacer\"><div class=\"quform-label quform-label-7_28\"><label class=\"quform-label-text\" id=\"quform_7_28_e0b6c5_label\">Confidentiality agreement<span class=\"quform-required\">*<\/span><\/label><\/div><div class=\"quform-inner quform-inner-checkbox quform-inner-7_28\"><div class=\"quform-input quform-input-checkbox quform-input-7_28 quform-cf\"><div class=\"quform-options quform-cf quform-options-block quform-options-simple\" role=\"group\" aria-labelledby=\"quform_7_28_e0b6c5_label\"><div class=\"quform-option\"><input type=\"checkbox\" name=\"quform_7_28[]\" id=\"quform_7_28_e0b6c5_1\" class=\"quform-field quform-field-checkbox quform-field-7_28 quform-field-7_28_1\" value=\"I authorize FBT Attorneys-at-law to register my data and to contact me.\" \/><label for=\"quform_7_28_e0b6c5_1\" class=\"quform-option-label quform-option-label-7_28_1\"><span class=\"quform-option-text\">I authorize FBT Attorneys-at-law to register my data and to contact me.<\/span><\/label><\/div><\/div><\/div><\/div><\/div><\/div><div class=\"quform-element quform-element-html quform-element-7_29 quform-cf\"><div class=\"quform-spacer\"><span style=\"font-size: 9px; line-height: normal;\">* We certify that the data transmitted via this form will be treated in a strictly confidential manner and will not be sold or transmitted to third parties. Any data collected are protected by encryption on the site (SSL certificate issued by Let's Encrypt Authority X3).<\/span><\/div><\/div><div class=\"quform-element quform-element-recaptcha quform-element-7_27 quform-cf quform-element-required\"><div class=\"quform-spacer\"><div class=\"quform-inner quform-inner-recaptcha quform-inner-7_27\"><div class=\"quform-input quform-input-recaptcha quform-input-7_27 quform-cf\"><div class=\"quform-recaptcha\" data-config=\"{&quot;sitekey&quot;:&quot;6Lf3Cr8UAAAAAACG9_M8jvXVXmueS4U8WcLIszsO&quot;,&quot;_version&quot;:&quot;v2&quot;,&quot;size&quot;:&quot;normal&quot;,&quot;type&quot;:&quot;image&quot;,&quot;theme&quot;:&quot;light&quot;,&quot;badge&quot;:&quot;bottomright&quot;}\"><\/div><noscript><div><div style=\"width: 302px; height: 422px; position: relative;\"><div style=\"width: 302px; height: 422px; position: absolute;\"><iframe src=\"https:\/\/www.google.com\/recaptcha\/api\/fallback?k=6Lf3Cr8UAAAAAACG9_M8jvXVXmueS4U8WcLIszsO\" frameborder=\"0\" scrolling=\"no\" style=\"width: 302px; height:422px; border-style: none;\"><\/iframe><\/div><\/div><div style=\"width: 300px; height: 60px; border-style: none; bottom: 12px; left: 25px; margin: 0px; padding: 0px; right: 25px; background: #f9f9f9; border: 1px solid #c1c1c1; border-radius: 3px;\"><textarea name=\"g-recaptcha-response\" class=\"g-recaptcha-response\" style=\"width: 250px; height: 40px; border: 1px solid #c1c1c1; margin: 10px 25px; padding: 0px; resize: none;\" aria-hidden=\"true\"><\/textarea><\/div><\/div><\/noscript><\/div><\/div><\/div><\/div><div class=\"quform-element quform-element-submit quform-element-7_2 quform-cf quform-button-style-theme\"><div class=\"quform-button-submit quform-button-submit-default quform-button-submit-7_2\"><button name=\"quform_submit\" type=\"submit\" class=\"quform-submit\" value=\"submit\"><span class=\"quform-button-text quform-button-submit-text\">Send<\/span><\/button><\/div><div class=\"quform-loading quform-loading-position-left quform-loading-type-spinner-1\"><div class=\"quform-loading-inner\"><div class=\"quform-loading-spinner\"><div class=\"quform-loading-spinner-inner\"><\/div><\/div><\/div><\/div><\/div><\/div><\/div><\/div><div class=\"quform-upload-progress-wrap\"><div class=\"quform-upload-progress-bar-wrap\"><div class=\"quform-upload-progress-bar\"><\/div><\/div><div class=\"quform-upload-info quform-cf\"><div class=\"quform-upload-filename\"><\/div><\/div><\/div><\/div><\/form><\/div><\/p>\n<\/div><\/section><\/p><\/div>\n<style type=\"text\/css\" data-created_by=\"avia_inline_auto\" id=\"style-css-av-av_one_fifth-f7c1061df29de8cca6b42fcf455fe4a0\">\n.flex_column.av-av_one_fifth-f7c1061df29de8cca6b42fcf455fe4a0{\nborder-radius:0px 0px 0px 0px;\npadding:0px 0px 0px 0px;\n}\n<\/style>\n<div  class='flex_column av-av_one_fifth-f7c1061df29de8cca6b42fcf455fe4a0 av_one_fifth  avia-builder-el-8  el_after_av_three_fifth  avia-builder-el-last  flex_column_div av-zero-column-padding  '     ><\/div>\n","protected":false},"excerpt":{"rendered":"","protected":false},"author":18,"featured_media":0,"parent":0,"menu_order":0,"comment_status":"closed","ping_status":"closed","template":"","meta":{"footnotes":""},"class_list":["post-12980","page","type-page","status-publish","hentry"],"yoast_head":"<!-- This site is optimized with the Yoast SEO Premium plugin v27.4 (Yoast SEO v27.4) - https:\/\/yoast.com\/product\/yoast-seo-premium-wordpress\/ -->\n<title>Careers<\/title>\n<meta name=\"description\" content=\"We are always looking for talented employees.\" \/>\n<meta name=\"robots\" content=\"noindex, follow, max-snippet:-1, max-image-preview:large, max-video-preview:-1\" \/>\n<meta property=\"og:locale\" content=\"en_US\" \/>\n<meta property=\"og:type\" content=\"article\" \/>\n<meta property=\"og:title\" content=\"Careers\" \/>\n<meta property=\"og:description\" content=\"We are always looking for talented employees.\" \/>\n<meta property=\"og:url\" content=\"https:\/\/staging.fbt-avocats.ch\/en\/careers\/\" \/>\n<meta property=\"og:site_name\" content=\"FBT Avocats SA\" \/>\n<meta property=\"article:modified_time\" content=\"2026-01-13T08:19:07+00:00\" \/>\n<meta name=\"twitter:card\" content=\"summary_large_image\" \/>\n<meta name=\"twitter:label1\" content=\"Est. reading time\" \/>\n\t<meta name=\"twitter:data1\" content=\"3 minutes\" \/>\n<script type=\"application\/ld+json\" class=\"yoast-schema-graph\">{\"@context\":\"https:\\\/\\\/schema.org\",\"@graph\":[{\"@type\":\"WebPage\",\"@id\":\"https:\\\/\\\/staging.fbt-avocats.ch\\\/en\\\/careers\\\/\",\"url\":\"https:\\\/\\\/staging.fbt-avocats.ch\\\/en\\\/careers\\\/\",\"name\":\"Careers\",\"isPartOf\":{\"@id\":\"https:\\\/\\\/staging.fbt-avocats.ch\\\/en\\\/#website\"},\"datePublished\":\"2019-07-04T15:27:09+00:00\",\"dateModified\":\"2026-01-13T08:19:07+00:00\",\"description\":\"We are always looking for talented employees.\",\"breadcrumb\":{\"@id\":\"https:\\\/\\\/staging.fbt-avocats.ch\\\/en\\\/careers\\\/#breadcrumb\"},\"inLanguage\":\"en-US\",\"potentialAction\":[{\"@type\":\"ReadAction\",\"target\":[\"https:\\\/\\\/staging.fbt-avocats.ch\\\/en\\\/careers\\\/\"]}]},{\"@type\":\"BreadcrumbList\",\"@id\":\"https:\\\/\\\/staging.fbt-avocats.ch\\\/en\\\/careers\\\/#breadcrumb\",\"itemListElement\":[{\"@type\":\"ListItem\",\"position\":1,\"name\":\"Home\",\"item\":\"https:\\\/\\\/staging.fbt-avocats.ch\\\/en\\\/\"},{\"@type\":\"ListItem\",\"position\":2,\"name\":\"Careers\"}]},{\"@type\":\"WebSite\",\"@id\":\"https:\\\/\\\/staging.fbt-avocats.ch\\\/en\\\/#website\",\"url\":\"https:\\\/\\\/staging.fbt-avocats.ch\\\/en\\\/\",\"name\":\"FBT Avocats SA\",\"description\":\"Etudes bas\u00e9es \u00e0 Gen\u00e8ve et Paris\",\"potentialAction\":[{\"@type\":\"SearchAction\",\"target\":{\"@type\":\"EntryPoint\",\"urlTemplate\":\"https:\\\/\\\/staging.fbt-avocats.ch\\\/en\\\/?s={search_term_string}\"},\"query-input\":{\"@type\":\"PropertyValueSpecification\",\"valueRequired\":true,\"valueName\":\"search_term_string\"}}],\"inLanguage\":\"en-US\"}]}<\/script>\n<!-- \/ Yoast SEO Premium plugin. -->","yoast_head_json":{"title":"Careers","description":"We are always looking for talented employees.","robots":{"index":"noindex","follow":"follow","max-snippet":"max-snippet:-1","max-image-preview":"max-image-preview:large","max-video-preview":"max-video-preview:-1"},"og_locale":"en_US","og_type":"article","og_title":"Careers","og_description":"We are always looking for talented employees.","og_url":"https:\/\/staging.fbt-avocats.ch\/en\/careers\/","og_site_name":"FBT Avocats SA","article_modified_time":"2026-01-13T08:19:07+00:00","twitter_card":"summary_large_image","twitter_misc":{"Est. reading time":"3 minutes"},"schema":{"@context":"https:\/\/schema.org","@graph":[{"@type":"WebPage","@id":"https:\/\/staging.fbt-avocats.ch\/en\/careers\/","url":"https:\/\/staging.fbt-avocats.ch\/en\/careers\/","name":"Careers","isPartOf":{"@id":"https:\/\/staging.fbt-avocats.ch\/en\/#website"},"datePublished":"2019-07-04T15:27:09+00:00","dateModified":"2026-01-13T08:19:07+00:00","description":"We are always looking for talented employees.","breadcrumb":{"@id":"https:\/\/staging.fbt-avocats.ch\/en\/careers\/#breadcrumb"},"inLanguage":"en-US","potentialAction":[{"@type":"ReadAction","target":["https:\/\/staging.fbt-avocats.ch\/en\/careers\/"]}]},{"@type":"BreadcrumbList","@id":"https:\/\/staging.fbt-avocats.ch\/en\/careers\/#breadcrumb","itemListElement":[{"@type":"ListItem","position":1,"name":"Home","item":"https:\/\/staging.fbt-avocats.ch\/en\/"},{"@type":"ListItem","position":2,"name":"Careers"}]},{"@type":"WebSite","@id":"https:\/\/staging.fbt-avocats.ch\/en\/#website","url":"https:\/\/staging.fbt-avocats.ch\/en\/","name":"FBT Avocats SA","description":"Etudes bas\u00e9es \u00e0 Gen\u00e8ve et Paris","potentialAction":[{"@type":"SearchAction","target":{"@type":"EntryPoint","urlTemplate":"https:\/\/staging.fbt-avocats.ch\/en\/?s={search_term_string}"},"query-input":{"@type":"PropertyValueSpecification","valueRequired":true,"valueName":"search_term_string"}}],"inLanguage":"en-US"}]}},"_links":{"self":[{"href":"https:\/\/staging.fbt-avocats.ch\/en\/wp-json\/wp\/v2\/pages\/12980","targetHints":{"allow":["GET"]}}],"collection":[{"href":"https:\/\/staging.fbt-avocats.ch\/en\/wp-json\/wp\/v2\/pages"}],"about":[{"href":"https:\/\/staging.fbt-avocats.ch\/en\/wp-json\/wp\/v2\/types\/page"}],"author":[{"embeddable":true,"href":"https:\/\/staging.fbt-avocats.ch\/en\/wp-json\/wp\/v2\/users\/18"}],"replies":[{"embeddable":true,"href":"https:\/\/staging.fbt-avocats.ch\/en\/wp-json\/wp\/v2\/comments?post=12980"}],"version-history":[{"count":0,"href":"https:\/\/staging.fbt-avocats.ch\/en\/wp-json\/wp\/v2\/pages\/12980\/revisions"}],"wp:attachment":[{"href":"https:\/\/staging.fbt-avocats.ch\/en\/wp-json\/wp\/v2\/media?parent=12980"}],"curies":[{"name":"wp","href":"https:\/\/api.w.org\/{rel}","templated":true}]}}