{"id":8542,"date":"2018-06-27T15:28:38","date_gmt":"2018-06-27T14:28:38","guid":{"rendered":"https:\/\/www.fbt-avocats.ch\/?page_id=8542"},"modified":"2019-09-19T15:36:57","modified_gmt":"2019-09-19T14:36:57","slug":"legal-notice","status":"publish","type":"page","link":"https:\/\/staging.fbt-avocats.ch\/en\/legal-notice\/","title":{"rendered":"Legal Notice"},"content":{"rendered":"\n<style type=\"text\/css\" data-created_by=\"avia_inline_auto\" id=\"style-css-av-684lgh-0438b3ecf1edfc34d0ab7fe7a5863b32\">\n.flex_column.av-684lgh-0438b3ecf1edfc34d0ab7fe7a5863b32{\nborder-radius:0px 0px 0px 0px;\npadding:0px 0px 0px 0px;\n}\n<\/style>\n<div  class='flex_column av-684lgh-0438b3ecf1edfc34d0ab7fe7a5863b32 av_one_full  avia-builder-el-0  el_before_av_textblock  avia-builder-el-first  first flex_column_div av-zero-column-padding  '     ><p>\n<style type=\"text\/css\" data-created_by=\"avia_inline_auto\" id=\"style-css-av-av_heading-2b25c368dfed340bc8734f124bc98279\">\n#top .av-special-heading.av-av_heading-2b25c368dfed340bc8734f124bc98279{\npadding-bottom:10px;\n}\nbody .av-special-heading.av-av_heading-2b25c368dfed340bc8734f124bc98279 .av-special-heading-tag .heading-char{\nfont-size:25px;\n}\n.av-special-heading.av-av_heading-2b25c368dfed340bc8734f124bc98279 .av-subheading{\nfont-size:15px;\n}\n<\/style>\n<div  class='av-special-heading av-av_heading-2b25c368dfed340bc8734f124bc98279 av-special-heading-h3 blockquote modern-quote  avia-builder-el-1  el_before_av_textblock  avia-builder-el-first '><h3 class='av-special-heading-tag '  itemprop=\"headline\"  >Legal Notice<\/h3><div class=\"special-heading-border\"><div class=\"special-heading-inner-border\"><\/div><\/div><\/div><br \/>\n<section  class='av_textblock_section av-jix8brvt-754fdfce5e95a762198f4c776106726f '   itemscope=\"itemscope\" itemtype=\"https:\/\/schema.org\/CreativeWork\" ><div class='avia_textblock'  itemprop=\"text\" ><p><strong>Hosting<\/strong><\/p>\n<p style=\"padding-left: 30px;\">lnfomaniak Network SA<br \/>\nAvenue de la Praille, 26<br \/>\n1227 Carouge<br \/>\nSwitzerland<\/p>\n<p><strong>Terms and conditions of use<\/strong><\/p>\n<p style=\"padding-left: 30px;\">The following terms and conditions apply when using this website. By using this website, you acknowledge having read, understood and accepted these terms and conditions. These terms and conditions may be modified at any time without prior notice. FBT Attorneys-at-law will not be held responsible for any misuse.<\/p>\n<p><strong>Disclaimer<\/strong><\/p>\n<p style=\"padding-left: 30px;\">The content of this website is provided for general information purposes only and does not constitute legal advice of any kind.<\/p>\n<p style=\"padding-left: 30px;\">We do not assume any responsibility for any errors, omissions or changes in the website or its content, and for any act or omission based on the information it contains.<\/p>\n<p style=\"padding-left: 30px;\">The hypertext links set up as part of this website leading to other resources on the Internet do not engage the responsibility of FBT Attorneys-at-law.<\/p>\n<p><strong>Copyright<\/strong><\/p>\n<p style=\"padding-left: 30px;\">All published texts and images are subject to copyright. Any use that is not permitted by copyright law requires prior permission of FBT Attorneys-at-law.<\/p>\n<p><a id=\"protectionen\"><\/a><\/p>\n<\/div><\/section><br \/>\n\n<style type=\"text\/css\" data-created_by=\"avia_inline_auto\" id=\"style-css-av-av_heading-26b7dca76cb3b9c9fa53df21bbf606d3\">\n#top .av-special-heading.av-av_heading-26b7dca76cb3b9c9fa53df21bbf606d3{\npadding-bottom:10px;\n}\nbody .av-special-heading.av-av_heading-26b7dca76cb3b9c9fa53df21bbf606d3 .av-special-heading-tag .heading-char{\nfont-size:25px;\n}\n.av-special-heading.av-av_heading-26b7dca76cb3b9c9fa53df21bbf606d3 .av-subheading{\nfont-size:15px;\n}\n<\/style>\n<div  class='av-special-heading av-av_heading-26b7dca76cb3b9c9fa53df21bbf606d3 av-special-heading-h3 blockquote modern-quote  avia-builder-el-3  el_after_av_textblock  el_before_av_textblock '><h3 class='av-special-heading-tag '  itemprop=\"headline\"  >Data protection<\/h3><div class=\"special-heading-border\"><div class=\"special-heading-inner-border\"><\/div><\/div><\/div><br \/>\n<section  class='av_textblock_section av-jix8brvt-5484264219b268bfa7439e65cbe2d308 '   itemscope=\"itemscope\" itemtype=\"https:\/\/schema.org\/CreativeWork\" ><div class='avia_textblock'  itemprop=\"text\" ><p style=\"padding-left: 30px;\">FBT Attorneys-at-law has implemented and enforced a Data Protection Policy that governs (<em>i<\/em>) processing of personal data, (<em>ii<\/em>) security of data processing and (<em>iii<\/em>) access to processed data.<\/p>\n<p><strong>FBT Data Protection Policy<\/strong>:<\/p>\n<p style=\"padding-left: 30px;\"><strong>1. <\/strong>FBT Attorneys-at-law may collect your personal data in different contexts, including business contacts, collaboration and partnership, recruitment purposes, or when you visit the FBT Attorneys-at-law website.<\/p>\n<p style=\"padding-left: 30px;\"><strong>2. <\/strong>FBT Attorneys-at-law collects only the information that is adequate, relevant and limited to what is necessary for data processing purposes.<\/p>\n<p style=\"padding-left: 30px;\"><strong>3. <\/strong>Your personal data is only processed for specific purposes. Personal data collected in view of or within the context of a business relationship with FBT Attorneys-at-law can be used for the purposes of sending specific legal information, event invitations, or information about FBT Attorneys-at-law and its services.<\/p>\n<p style=\"padding-left: 30px;\"><strong>4. <\/strong>All persons having access to your personal data within FBT Attorneys-at-law will be bound to confidentiality. When using other service providers, especially in the information technology field, FBT Attorneys-at-law ensures that these service providers are bound by the same confidentiality obligations.<\/p>\n<p style=\"padding-left: 30px;\"><strong>5. <\/strong>FBT Attorneys-at-law ensures your personal data remains safe and secure by taking cybersecurity measures.<\/p>\n<p style=\"padding-left: 30px;\"><strong>6. <\/strong>Your personal data is stored according to the following modalities, depending on the data type:<\/p>\n<p style=\"padding-left: 60px;\">&#8211; Client\u2019s personal data: personal data contained in FBT Attorneys-at-law electronic databases is deleted within 3 years after the end of the contractual relationship, and archived and stored as physical records for 10 years.<\/p>\n<p style=\"padding-left: 60px;\">&#8211; Candidate&#8217;s personal data: all data related to a recruitment process is stored for the time period necessary for data processing activities and, in the event the candidate is not hired or leaves FBT Attorneys-at-law, the data will be deleted after a period of 3 years following the date of the last contact.<\/p>\n<p style=\"padding-left: 30px;\"><strong>7. <\/strong> You have the right to access, modify and\/or delete your personal data at any time, as well as the possibility to ask any question regarding the processing of your personal data, by contacting us by mail or by going in person to our offices in Geneva or Paris:<\/p>\n<p style=\"padding-left: 60px;\"><u>Our address in Geneva<\/u>: FBT Avocats SA \u2013 Rue du 31-Decembre 47 \u2013 P.O. Box 6120 \u2013 1211 Geneva 6 \u2013 Switzerland<br \/>\n<u>Our address in Paris<\/u>: FBT Avocats SA \u2013 4 avenue Hoche \u2013 75008 Paris \u2013 France<\/p>\n<p style=\"padding-left: 30px;\">All requests must be accompanied by an identity document.<\/p>\n<p style=\"padding-left: 30px;\">You have the right to ask for a copy of your personal data.<\/p>\n<p style=\"padding-left: 30px;\">The person in charge of the file is required to respond within a maximum of 2 months following the date of receipt of your request. If the request is incomplete (e.g. absence of a formal identity document), the person in charge has the right to request additional documents, in which case the deadline is suspended and runs again once these documents are provided.<\/p>\n<p style=\"padding-left: 30px;\">Access rights limits are specified on the CNIL website and can be consulted by <a href=\"https:\/\/www.cnil.fr\/fr\/respecter-les-droits-des-personnes\">clicking here<\/a>.<\/p>\n<p style=\"padding-left: 30px;\"><strong>8. <\/strong>When FBT sends you periodic communications (newsletters), whether in paper or electronic format, you have the right to unsubscribe from these communications at any time.<\/p>\n<p style=\"padding-left: 30px;\">If these communications are sent by email, you can simply click on the unsubscribe link at the bottom of the email, send your request to the address <a href=\"mailto:info@fbt.ch\">info@fbt.ch<\/a>or contact FBT Attorneys-at-law by phone or by mail to one of the addresses mentioned under point 7 above.<\/p>\n<p style=\"padding-left: 30px;\">If these communications are sent by mail, you can unsubscribe by contacting FBT Attorneys-at-law by email at <a href=\"mailto:info@fbt.ch\">info@fbt.ch<\/a>, by phone or by mail, to one of the addresses mentioned under point 7 above.<\/p>\n<p style=\"padding-left: 30px;\"><em>FBT Avocats SA<\/em><\/p>\n<\/div><\/section><\/p><\/div><section  class='av_textblock_section av-258j6m-f071a7f482c83fcabe379dc057533d58 '   itemscope=\"itemscope\" itemtype=\"https:\/\/schema.org\/CreativeWork\" ><div class='avia_textblock'  itemprop=\"text\" ><\/div><\/section><\/p>\n","protected":false},"excerpt":{"rendered":"","protected":false},"author":18,"featured_media":0,"parent":0,"menu_order":0,"comment_status":"closed","ping_status":"closed","template":"","meta":{"footnotes":""},"class_list":["post-8542","page","type-page","status-publish","hentry"],"yoast_head":"<!-- This site is optimized with the Yoast SEO Premium plugin v27.4 (Yoast SEO v27.4) - https:\/\/yoast.com\/product\/yoast-seo-premium-wordpress\/ -->\n<title>Legal Notice<\/title>\n<meta name=\"robots\" content=\"noindex, nofollow\" \/>\n<meta property=\"og:locale\" content=\"en_US\" \/>\n<meta property=\"og:type\" content=\"article\" \/>\n<meta property=\"og:title\" content=\"Legal Notice\" \/>\n<meta property=\"og:url\" content=\"https:\/\/staging.fbt-avocats.ch\/en\/legal-notice\/\" \/>\n<meta property=\"og:site_name\" content=\"FBT Avocats SA\" \/>\n<meta property=\"article:modified_time\" content=\"2019-09-19T14:36:57+00:00\" \/>\n<meta name=\"twitter:card\" content=\"summary_large_image\" \/>\n<meta name=\"twitter:label1\" content=\"Est. reading time\" \/>\n\t<meta name=\"twitter:data1\" content=\"5 minutes\" \/>\n<script type=\"application\/ld+json\" class=\"yoast-schema-graph\">{\"@context\":\"https:\\\/\\\/schema.org\",\"@graph\":[{\"@type\":\"WebPage\",\"@id\":\"https:\\\/\\\/staging.fbt-avocats.ch\\\/en\\\/legal-notice\\\/\",\"url\":\"https:\\\/\\\/staging.fbt-avocats.ch\\\/en\\\/legal-notice\\\/\",\"name\":\"Legal Notice\",\"isPartOf\":{\"@id\":\"https:\\\/\\\/staging.fbt-avocats.ch\\\/en\\\/#website\"},\"datePublished\":\"2018-06-27T14:28:38+00:00\",\"dateModified\":\"2019-09-19T14:36:57+00:00\",\"breadcrumb\":{\"@id\":\"https:\\\/\\\/staging.fbt-avocats.ch\\\/en\\\/legal-notice\\\/#breadcrumb\"},\"inLanguage\":\"en-US\",\"potentialAction\":[{\"@type\":\"ReadAction\",\"target\":[\"https:\\\/\\\/staging.fbt-avocats.ch\\\/en\\\/legal-notice\\\/\"]}]},{\"@type\":\"BreadcrumbList\",\"@id\":\"https:\\\/\\\/staging.fbt-avocats.ch\\\/en\\\/legal-notice\\\/#breadcrumb\",\"itemListElement\":[{\"@type\":\"ListItem\",\"position\":1,\"name\":\"Home\",\"item\":\"https:\\\/\\\/staging.fbt-avocats.ch\\\/en\\\/\"},{\"@type\":\"ListItem\",\"position\":2,\"name\":\"Legal Notice\"}]},{\"@type\":\"WebSite\",\"@id\":\"https:\\\/\\\/staging.fbt-avocats.ch\\\/en\\\/#website\",\"url\":\"https:\\\/\\\/staging.fbt-avocats.ch\\\/en\\\/\",\"name\":\"FBT Avocats SA\",\"description\":\"Etudes bas\u00e9es \u00e0 Gen\u00e8ve et Paris\",\"potentialAction\":[{\"@type\":\"SearchAction\",\"target\":{\"@type\":\"EntryPoint\",\"urlTemplate\":\"https:\\\/\\\/staging.fbt-avocats.ch\\\/en\\\/?s={search_term_string}\"},\"query-input\":{\"@type\":\"PropertyValueSpecification\",\"valueRequired\":true,\"valueName\":\"search_term_string\"}}],\"inLanguage\":\"en-US\"}]}<\/script>\n<!-- \/ Yoast SEO Premium plugin. -->","yoast_head_json":{"title":"Legal Notice","robots":{"index":"noindex","follow":"nofollow"},"og_locale":"en_US","og_type":"article","og_title":"Legal Notice","og_url":"https:\/\/staging.fbt-avocats.ch\/en\/legal-notice\/","og_site_name":"FBT Avocats SA","article_modified_time":"2019-09-19T14:36:57+00:00","twitter_card":"summary_large_image","twitter_misc":{"Est. reading time":"5 minutes"},"schema":{"@context":"https:\/\/schema.org","@graph":[{"@type":"WebPage","@id":"https:\/\/staging.fbt-avocats.ch\/en\/legal-notice\/","url":"https:\/\/staging.fbt-avocats.ch\/en\/legal-notice\/","name":"Legal Notice","isPartOf":{"@id":"https:\/\/staging.fbt-avocats.ch\/en\/#website"},"datePublished":"2018-06-27T14:28:38+00:00","dateModified":"2019-09-19T14:36:57+00:00","breadcrumb":{"@id":"https:\/\/staging.fbt-avocats.ch\/en\/legal-notice\/#breadcrumb"},"inLanguage":"en-US","potentialAction":[{"@type":"ReadAction","target":["https:\/\/staging.fbt-avocats.ch\/en\/legal-notice\/"]}]},{"@type":"BreadcrumbList","@id":"https:\/\/staging.fbt-avocats.ch\/en\/legal-notice\/#breadcrumb","itemListElement":[{"@type":"ListItem","position":1,"name":"Home","item":"https:\/\/staging.fbt-avocats.ch\/en\/"},{"@type":"ListItem","position":2,"name":"Legal Notice"}]},{"@type":"WebSite","@id":"https:\/\/staging.fbt-avocats.ch\/en\/#website","url":"https:\/\/staging.fbt-avocats.ch\/en\/","name":"FBT Avocats SA","description":"Etudes bas\u00e9es \u00e0 Gen\u00e8ve et Paris","potentialAction":[{"@type":"SearchAction","target":{"@type":"EntryPoint","urlTemplate":"https:\/\/staging.fbt-avocats.ch\/en\/?s={search_term_string}"},"query-input":{"@type":"PropertyValueSpecification","valueRequired":true,"valueName":"search_term_string"}}],"inLanguage":"en-US"}]}},"_links":{"self":[{"href":"https:\/\/staging.fbt-avocats.ch\/en\/wp-json\/wp\/v2\/pages\/8542","targetHints":{"allow":["GET"]}}],"collection":[{"href":"https:\/\/staging.fbt-avocats.ch\/en\/wp-json\/wp\/v2\/pages"}],"about":[{"href":"https:\/\/staging.fbt-avocats.ch\/en\/wp-json\/wp\/v2\/types\/page"}],"author":[{"embeddable":true,"href":"https:\/\/staging.fbt-avocats.ch\/en\/wp-json\/wp\/v2\/users\/18"}],"replies":[{"embeddable":true,"href":"https:\/\/staging.fbt-avocats.ch\/en\/wp-json\/wp\/v2\/comments?post=8542"}],"version-history":[{"count":0,"href":"https:\/\/staging.fbt-avocats.ch\/en\/wp-json\/wp\/v2\/pages\/8542\/revisions"}],"wp:attachment":[{"href":"https:\/\/staging.fbt-avocats.ch\/en\/wp-json\/wp\/v2\/media?parent=8542"}],"curies":[{"name":"wp","href":"https:\/\/api.w.org\/{rel}","templated":true}]}}